{"id":950,"date":"2024-02-14T21:44:28","date_gmt":"2024-02-14T20:44:28","guid":{"rendered":"https:\/\/www.re-loved-fashion.ch\/?page_id=950"},"modified":"2026-03-19T20:45:01","modified_gmt":"2026-03-19T19:45:01","slug":"sponsoren","status":"publish","type":"page","link":"https:\/\/www.re-loved-fashion.ch\/?page_id=950","title":{"rendered":"Sponsoren"},"content":{"rendered":"\n<p>Wir bedanken uns ganz herzlich, beim Sponsor der Valiant Bank. Durch sie konntenwir, die Helfer\/innen einheitlich Ausr\u00fcsten.<\/p>\n\n\n<div class=\"wp-block-image\">\n<figure class=\"aligncenter size-large is-resized\"><img loading=\"lazy\" decoding=\"async\" width=\"768\" height=\"1024\" src=\"https:\/\/www.re-loved-fashion.ch\/wp-content\/uploads\/2024\/04\/IMG_20240417_140100-768x1024.jpeg\" alt=\"\" class=\"wp-image-1001\" style=\"width:176px;height:auto\" srcset=\"https:\/\/www.re-loved-fashion.ch\/wp-content\/uploads\/2024\/04\/IMG_20240417_140100-768x1024.jpeg 768w, https:\/\/www.re-loved-fashion.ch\/wp-content\/uploads\/2024\/04\/IMG_20240417_140100-225x300.jpeg 225w, https:\/\/www.re-loved-fashion.ch\/wp-content\/uploads\/2024\/04\/IMG_20240417_140100-1152x1536.jpeg 1152w, https:\/\/www.re-loved-fashion.ch\/wp-content\/uploads\/2024\/04\/IMG_20240417_140100-1536x2048.jpeg 1536w, https:\/\/www.re-loved-fashion.ch\/wp-content\/uploads\/2024\/04\/IMG_20240417_140100-1200x1600.jpeg 1200w, https:\/\/www.re-loved-fashion.ch\/wp-content\/uploads\/2024\/04\/IMG_20240417_140100-1980x2640.jpeg 1980w, https:\/\/www.re-loved-fashion.ch\/wp-content\/uploads\/2024\/04\/IMG_20240417_140100-scaled.jpeg 1920w\" sizes=\"auto, (max-width: 768px) 100vw, 768px\" \/><\/figure>\n<\/div>\n\n\n<p>Im gelben T-Shirt mit unserem Loge <code><mark style=\"background-color:rgba(0, 0, 0, 0);color:#950c44\" class=\"has-inline-color\">Re-Loved Fashion<\/mark><\/code> und dem Logo der <code><mark style=\"background-color:rgba(0, 0, 0, 0);color:#740872\" class=\"has-inline-color\">Valiant Bank<\/mark><\/code>.<\/p>\n\n\n\n<div class=\"wp-block-media-text is-stacked-on-mobile\" style=\"grid-template-columns:32% auto\"><figure class=\"wp-block-media-text__media\"><img loading=\"lazy\" decoding=\"async\" width=\"512\" height=\"318\" src=\"https:\/\/www.re-loved-fashion.ch\/wp-content\/uploads\/2026\/03\/5rGcEpswCZRbTrqmyqS_9yP6w77iv69wOx3hiSPzIQVmhgN0BujTWBOCY3B-SG0rU6jkILaM0qlDo3h877BxObU9EH_AvbSG3AbxDedkMnkZ_vAlAst5.jpg\" alt=\"\" class=\"wp-image-1099 size-full\"\/><\/figure><div class=\"wp-block-media-text__content\">\n<p>Ein grosses DANKE an die Gemeinde Pratteln, dass wir 1 Mal im Jahr den Saal im Kuspo benutzen d\u00fcrfen und dazu noch die tatkr\u00e4ftige Unterst\u00fctzung der 3 Kuspo-Abwarte haben.<\/p>\n<\/div><\/div>\n\n\n\n<p><a href=\"https:\/\/gemeinde-schweiz.ch\/kanton-baselland\/pratteln\">https:\/\/gemeinde-schweiz.ch\/kanton-baselland\/pratteln<\/a><\/p>\n","protected":false},"excerpt":{"rendered":"<p>Wir bedanken uns ganz herzlich, beim Sponsor der Valiant Bank. Durch sie konntenwir, die Helfer\/innen einheitlich Ausr\u00fcsten. Im gelben T-Shirt mit unserem Loge Re-Loved Fashion und dem Logo der Valiant Bank. Ein grosses DANKE an die Gemeinde Pratteln, dass wir 1 Mal im Jahr den Saal im Kuspo benutzen d\u00fcrfen und dazu noch die tatkr\u00e4ftige [&hellip;]<\/p>\n","protected":false},"author":2,"featured_media":0,"parent":0,"menu_order":0,"comment_status":"closed","ping_status":"closed","template":"","meta":{"footnotes":""},"class_list":["post-950","page","type-page","status-publish","hentry"],"aioseo_notices":[],"_links":{"self":[{"href":"https:\/\/www.re-loved-fashion.ch\/index.php?rest_route=\/wp\/v2\/pages\/950","targetHints":{"allow":["GET"]}}],"collection":[{"href":"https:\/\/www.re-loved-fashion.ch\/index.php?rest_route=\/wp\/v2\/pages"}],"about":[{"href":"https:\/\/www.re-loved-fashion.ch\/index.php?rest_route=\/wp\/v2\/types\/page"}],"author":[{"embeddable":true,"href":"https:\/\/www.re-loved-fashion.ch\/index.php?rest_route=\/wp\/v2\/users\/2"}],"replies":[{"embeddable":true,"href":"https:\/\/www.re-loved-fashion.ch\/index.php?rest_route=%2Fwp%2Fv2%2Fcomments&post=950"}],"version-history":[{"count":13,"href":"https:\/\/www.re-loved-fashion.ch\/index.php?rest_route=\/wp\/v2\/pages\/950\/revisions"}],"predecessor-version":[{"id":1105,"href":"https:\/\/www.re-loved-fashion.ch\/index.php?rest_route=\/wp\/v2\/pages\/950\/revisions\/1105"}],"wp:attachment":[{"href":"https:\/\/www.re-loved-fashion.ch\/index.php?rest_route=%2Fwp%2Fv2%2Fmedia&parent=950"}],"curies":[{"name":"wp","href":"https:\/\/api.w.org\/{rel}","templated":true}]}}