{"id":47,"date":"2023-08-01T19:54:34","date_gmt":"2023-08-01T17:54:34","guid":{"rendered":"https:\/\/re-loved-fashion.ch\/?page_id=47"},"modified":"2024-01-17T13:08:34","modified_gmt":"2024-01-17T12:08:34","slug":"groessentabelle","status":"publish","type":"page","link":"https:\/\/www.re-loved-fashion.ch\/?page_id=47","title":{"rendered":"Gr\u00f6ssentabelle"},"content":{"rendered":"\n<pre class=\"wp-block-preformatted has-background\" style=\"background-color:#b7ab75\">\"Re-Loved ist hip\"<\/pre>\n\n\n\n<p class=\"has-small-font-size\">Die Gr\u00f6ssentabellen sind Normalgr\u00f6ssen und die g\u00e4ngigsten Gr\u00f6ssen.<\/p>\n\n\n<div class=\"wp-block-image is-style-default\">\n<figure class=\"aligncenter is-resized\"><img decoding=\"async\" src=\"http:\/\/www.black-impressions.de\/mediafiles\/Bilder\/masse_sw.jpg\" alt=\"\" style=\"width:357px;height:402px\"\/><\/figure>\n<\/div>\n\n\n<p><strong>Gr\u00f6\u00dfentabelle &#8211; Damen<\/strong><\/p>\n\n\n\n<figure class=\"wp-block-image size-full is-resized\"><img loading=\"lazy\" decoding=\"async\" width=\"734\" height=\"176\" src=\"https:\/\/re-loved-fashion.ch\/wp-content\/uploads\/2024\/01\/9134_internationale_groessen.jpg\" alt=\"\" class=\"wp-image-736\" style=\"width:630px;height:auto\" srcset=\"https:\/\/www.re-loved-fashion.ch\/wp-content\/uploads\/2024\/01\/9134_internationale_groessen.jpg 734w, https:\/\/www.re-loved-fashion.ch\/wp-content\/uploads\/2024\/01\/9134_internationale_groessen-300x72.jpg 300w\" sizes=\"auto, (max-width: 734px) 100vw, 734px\" \/><\/figure>\n\n\n\n<p><strong>Gr\u00f6\u00dfentabelle &#8211; Herren<\/strong><\/p>\n\n\n\n<figure class=\"wp-block-image\"><img decoding=\"async\" src=\"http:\/\/www.black-impressions.de\/mediafiles\/Bilder\/groessentabelle_maenner.jpg\" alt=\"\"\/><\/figure>\n\n\n\n<p class=\"has-small-font-size\">Die Tabellen sind keine Richtlinien<\/p>\n","protected":false},"excerpt":{"rendered":"<p>&#171;Re-Loved ist hip&#187; Die Gr\u00f6ssentabellen sind Normalgr\u00f6ssen und die g\u00e4ngigsten Gr\u00f6ssen. Gr\u00f6\u00dfentabelle &#8211; Damen Gr\u00f6\u00dfentabelle &#8211; Herren Die Tabellen sind keine Richtlinien<\/p>\n","protected":false},"author":2,"featured_media":146,"parent":0,"menu_order":0,"comment_status":"closed","ping_status":"closed","template":"","meta":{"footnotes":""},"class_list":["post-47","page","type-page","status-publish","has-post-thumbnail","hentry"],"aioseo_notices":[],"_links":{"self":[{"href":"https:\/\/www.re-loved-fashion.ch\/index.php?rest_route=\/wp\/v2\/pages\/47","targetHints":{"allow":["GET"]}}],"collection":[{"href":"https:\/\/www.re-loved-fashion.ch\/index.php?rest_route=\/wp\/v2\/pages"}],"about":[{"href":"https:\/\/www.re-loved-fashion.ch\/index.php?rest_route=\/wp\/v2\/types\/page"}],"author":[{"embeddable":true,"href":"https:\/\/www.re-loved-fashion.ch\/index.php?rest_route=\/wp\/v2\/users\/2"}],"replies":[{"embeddable":true,"href":"https:\/\/www.re-loved-fashion.ch\/index.php?rest_route=%2Fwp%2Fv2%2Fcomments&post=47"}],"version-history":[{"count":8,"href":"https:\/\/www.re-loved-fashion.ch\/index.php?rest_route=\/wp\/v2\/pages\/47\/revisions"}],"predecessor-version":[{"id":800,"href":"https:\/\/www.re-loved-fashion.ch\/index.php?rest_route=\/wp\/v2\/pages\/47\/revisions\/800"}],"wp:featuredmedia":[{"embeddable":true,"href":"https:\/\/www.re-loved-fashion.ch\/index.php?rest_route=\/wp\/v2\/media\/146"}],"wp:attachment":[{"href":"https:\/\/www.re-loved-fashion.ch\/index.php?rest_route=%2Fwp%2Fv2%2Fmedia&parent=47"}],"curies":[{"name":"wp","href":"https:\/\/api.w.org\/{rel}","templated":true}]}}