{"id":43,"date":"2023-08-02T07:23:28","date_gmt":"2023-08-02T05:23:28","guid":{"rendered":"https:\/\/re-loved-fashion.ch\/?page_id=43"},"modified":"2026-04-17T10:51:24","modified_gmt":"2026-04-17T08:51:24","slug":"willkommen-bei-der-re-loved-fashion","status":"publish","type":"page","link":"https:\/\/www.re-loved-fashion.ch\/","title":{"rendered":""},"content":{"rendered":"<p><head><br \/>\n<script src=\"https:\/\/www.google.com\/recaptcha\/enterprise.js?render=6LcwPjorAAAAAPI_AteX_YWI1fJ1O3_4NDXA8jYf\"><\/script><br \/>\n<\/head><\/p>\n\n\n<p class=\"has-text-align-center has-text-color has-large-font-size\" style=\"color:#e50c0c\"><strong>Willkommen bei uns <\/strong><\/p>\n\n\n\n<p class=\"has-text-color has-link-color wp-elements-c6e93588ac507ece09c46b8f1be2cd12\" style=\"color:#40340e\"><strong>Wir vergeben derzeit keine weiteren Verk\u00e4ufernummern. Wer dennoch eine Nummer erhalten m\u00f6chte, kann diese durch die \u00dcbernahme einer oder mehrer Helferschichten freischalten lassen.. Vielen Dank f\u00fcr euer Verst\u00e4ndnis.<\/strong><\/p>\n\n\n\n<p class=\"has-small-font-size\"><strong>Etwas Modisches zu finden f\u00fcr sich oder jemand anderen.<\/strong><\/p>\n\n\n\n<p class=\"has-small-font-size\">Daf\u00fcr sind wir da!<\/p>\n\n\n\n<pre class=\"wp-block-preformatted has-background\" style=\"background:linear-gradient(135deg,rgb(254,205,165) 100%,rgb(254,45,45) 100%,rgb(107,0,62) 100%)\">\"Neu ist so was von gestern\"<\/pre>\n\n\n\n<p class=\"has-small-font-size\">Secondhand, wiederverwenden, Neues entdecken f\u00fcr Jugendliche, Frau und Mann. Kleider ( Schwangeschaftskleider, Anz\u00fcge &amp; Brautmode), Taschen, Rucks\u00e4cke, Accessoires, Schuhe und G\u00fcrtel. St\u00f6bern, probieren, kaufen und danach gem\u00fctlich auf den gelungenen Einkauf anstossen.<\/p>\n\n\n\n<p class=\"has-small-font-size\">Gerne m\u00f6chten wir allen einen Platz bieten. Dank dem Gebrauch der basarlino-App ganz unkompliziert die eigenen Artikel verkaufen.<\/p>\n\n\n\n<p class=\"has-small-font-size\">Stilvoll gegen die Kleiderverschwendung bei uns Einkaufen in einem gem\u00fctlichen Ambiente.<\/p>\n\n\n\n<p class=\"has-small-font-size\">Euer Re-Loved-Fashion Team<\/p>\n\n\n\n<hr class=\"wp-block-separator has-alpha-channel-opacity\"\/>\n\n\n\n<p class=\"has-background\" style=\"background:linear-gradient(135deg,rgb(252,185,0) 85%,rgb(255,105,0) 100%);font-size:18px\">Die Re-Loved-Fashion kurz RLF, findet am 22.April und 23. April 2026 statt.<\/p>\n\n\n\n<figure class=\"wp-block-table has-small-font-size\"><table class=\"has-background\" style=\"background-color:#f3ebc7\"><tbody><tr><td><strong>Annahme<\/strong><br>Mittwoch: 11:00 &#8211; 17:00 Uhr<\/td><\/tr><tr><td><strong>Verkauf<br><\/strong>Mittwoch: 18:30 &#8211; 21:30 Uhr<\/td><\/tr><tr><td><strong>R\u00fcckgabe<\/strong><br>Donnerstag: 18:00 &#8211; 18:45 Uhr<\/td><\/tr><\/tbody><\/table><\/figure>\n\n\n\n<p class=\"has-background has-small-font-size\" style=\"background:linear-gradient(135deg,rgb(254,205,165) 72%,rgb(254,45,45) 91%,rgb(107,0,62) 100%)\">Neu werden wir bei der R\u00fcckgabe, kein Geld mehr ausbezahlen. Das eingenommene Geld wird auf ihr Konto \u00fcberwiesen.<\/p>\n\n\n\n<p class=\"has-small-font-size\">Beim Verkauf sind keine grossen Handtaschen sowie Rucks\u00e4cke erw\u00fcnscht! Wenn dennoch grossen Handtaschen sowie Rucks\u00e4cke dabei sind, bitte im Taschen und Jacken Depot beim Eingang abgeben. Bei der Abgabe der Sachen erh\u00e4lt jeder eine Nummer. Das Depot ist unter Aufsicht.<\/p>\n\n\n\n<p>Wir behalten uns trotzdem vor, Taschenkontrollen zu machen bei Verdacht auf Diebstahl.<\/p>\n\n\n\n<p class=\"has-small-font-size\">Letzter Einlass um 21:15 Uhr<\/p>\n\n\n\n<hr class=\"wp-block-separator has-alpha-channel-opacity\"\/>\n\n\n\n<p style=\"font-size:18px\">Hier findet ihr uns<\/p>\n\n\n\n<p class=\"has-small-font-size\">Kultur und Sportzentrum (Kuspo)                                                        Oberemattstrasse 13                                                                                                  4133 Pratteln<\/p>\n\n\n\n<p class=\"has-primary-color has-text-color has-small-font-size\">Tram 14- bis Endstation &#8211; Schlossstrasse                                                              <\/p>\n\n\n\n<p class=\"has-primary-color has-text-color has-small-font-size\">Zu Fuss &#8211; ca. 9 Min. durch die Schlosstrasse, beim Schulhaus Grossmatt, \u00fcber den Fussg\u00e4ngerstreifen in die kleine Seitenstrasse hinter dem Schloss                        <\/p>\n\n\n\n<p class=\"has-primary-color has-text-color has-small-font-size\"><mark style=\"background-color:rgba(0, 0, 0, 0);color:#f30f0f\" class=\"has-inline-color\">Parkpl\u00e4<\/mark><mark style=\"background-color:rgba(0, 0, 0, 0);color:#f11313\" class=\"has-inline-color\">tze sind gegen Geb\u00fchren vorhanden.<\/mark><\/p>\n\n\n\n<div class=\"wp-block-group\"><div class=\"wp-block-group__inner-container is-layout-constrained wp-block-group-is-layout-constrained\">\n<style>\n  .google-maps {\n    position: relative;\n    padding-bottom: 75%; \/\/ This is the aspect ratio\n    height: 0;\n    overflow: hidden;\n  }\n  .google-maps iframe {\n    position: absolute;\n    top: 0;\n    left: 0;\n    width: 100% !important;\n    height: 100% !important;\n  }\n<\/style>\n\n<div class=\"google-maps\">\n<iframe src=\"https:\/\/www.google.com\/maps\/embed?pb=!1m18!1m12!1m3!1d1132.8980539176553!2d7.6954651275577355!3d47.519111266715385!2m3!1f0!2f0!3f0!3m2!1i1024!2i768!4f13.1!3m3!1m2!1s0x4791b6114a311063%3A0xba60ea9739b6bb79!2sKultur-%20und%20Sportzentrum%20(Kuspo)!5e0!3m2!1sde!2sch!4v1698674414409!5m2!1sde!2sch\" width=\"1200\" height=\"600\" style=\"border:0;\" allowfullscreen=\"\" loading=\"lazy\" referrerpolicy=\"no-referrer-when-downgrade\"><\/iframe><\/div>\n<\/div><\/div>\n\n\n\n<hr class=\"wp-block-separator has-alpha-channel-opacity\"\/>\n\n\n\n<p class=\"has-small-font-size\">Bei Fragen, per Mail Kontakt aufnehmen. <\/p>\n\n\n\n<div class=\"wp-block-buttons is-vertical is-content-justification-center is-layout-flex wp-container-core-buttons-is-layout-9a7cdcfd wp-block-buttons-is-layout-flex\" style=\"font-style:normal;font-weight:200\">\n<div class=\"wp-block-button has-custom-width wp-block-button__width-50 is-style-outline is-style-outline--1\"><a class=\"wp-block-button__link has-primary-color has-luminous-vivid-amber-to-luminous-vivid-orange-gradient-background has-text-color has-background has-small-font-size has-custom-font-size wp-element-button\" href=\"mailto:info@re-loved-fashion.ch\" style=\"border-radius:100px\">Mail<\/a><\/div>\n<\/div>\n","protected":false},"excerpt":{"rendered":"<p>Willkommen bei uns Wir vergeben derzeit keine weiteren Verk\u00e4ufernummern. Wer dennoch eine Nummer erhalten m\u00f6chte, kann diese durch die \u00dcbernahme einer oder mehrer Helferschichten freischalten lassen.. Vielen Dank f\u00fcr euer Verst\u00e4ndnis. Etwas Modisches zu finden f\u00fcr sich oder jemand anderen. Daf\u00fcr sind wir da! &#171;Neu ist so was von gestern&#187; Secondhand, wiederverwenden, Neues entdecken f\u00fcr [&hellip;]<\/p>\n","protected":false},"author":2,"featured_media":0,"parent":0,"menu_order":1,"comment_status":"closed","ping_status":"closed","template":"","meta":{"footnotes":""},"class_list":["post-43","page","type-page","status-publish","hentry"],"aioseo_notices":[],"_links":{"self":[{"href":"https:\/\/www.re-loved-fashion.ch\/index.php?rest_route=\/wp\/v2\/pages\/43","targetHints":{"allow":["GET"]}}],"collection":[{"href":"https:\/\/www.re-loved-fashion.ch\/index.php?rest_route=\/wp\/v2\/pages"}],"about":[{"href":"https:\/\/www.re-loved-fashion.ch\/index.php?rest_route=\/wp\/v2\/types\/page"}],"author":[{"embeddable":true,"href":"https:\/\/www.re-loved-fashion.ch\/index.php?rest_route=\/wp\/v2\/users\/2"}],"replies":[{"embeddable":true,"href":"https:\/\/www.re-loved-fashion.ch\/index.php?rest_route=%2Fwp%2Fv2%2Fcomments&post=43"}],"version-history":[{"count":109,"href":"https:\/\/www.re-loved-fashion.ch\/index.php?rest_route=\/wp\/v2\/pages\/43\/revisions"}],"predecessor-version":[{"id":1115,"href":"https:\/\/www.re-loved-fashion.ch\/index.php?rest_route=\/wp\/v2\/pages\/43\/revisions\/1115"}],"wp:attachment":[{"href":"https:\/\/www.re-loved-fashion.ch\/index.php?rest_route=%2Fwp%2Fv2%2Fmedia&parent=43"}],"curies":[{"name":"wp","href":"https:\/\/api.w.org\/{rel}","templated":true}]}}