{"id":357,"date":"2023-10-09T11:14:40","date_gmt":"2023-10-09T09:14:40","guid":{"rendered":"https:\/\/re-loved-fashion.ch\/?page_id=357"},"modified":"2024-01-20T14:00:28","modified_gmt":"2024-01-20T13:00:28","slug":"etiketten-richtig-befestigen","status":"publish","type":"page","link":"https:\/\/www.re-loved-fashion.ch\/?page_id=357","title":{"rendered":"Etiketten richtig befestigen"},"content":{"rendered":"\n<pre class=\"wp-block-preformatted has-background\" style=\"background:linear-gradient(135deg,rgb(255,245,203) 0%,rgb(182,227,212) 21%,rgb(51,167,181) 100%)\">\"Von zweiter Hand getragen, meine Wahl\"<\/pre>\n\n\n\n<p class=\"has-primary-color has-text-color has-background\" style=\"background:linear-gradient(135deg,rgb(252,185,0) 93%,rgb(255,105,0) 100%)\">ACHTUNG! ETIKETTEN RICHTIG BEFESTIGEN.<\/p>\n\n\n\n<p class=\"has-small-font-size\">Wenn die Etiketten auf dickes Druckerpapier (120-160 Gramm kein Bastel- oder Tonkartonpapier) ausgedruckt sind, m\u00fcssen die Etiketten mit einem reissfestem Faden oder Schnur befestigt werden.<\/p>\n\n\n\n<p class=\"has-small-font-size\">Oder mit einer Etikettierpistole!<\/p>\n\n\n\n<hr class=\"wp-block-separator has-alpha-channel-opacity\"\/>\n\n\n<div class=\"wp-block-image\">\n<figure class=\"aligncenter size-large is-resized\"><img loading=\"lazy\" decoding=\"async\" width=\"1024\" height=\"768\" src=\"https:\/\/re-loved-fashion.ch\/wp-content\/uploads\/2023\/10\/IMG_0688-1024x768.jpeg\" alt=\"\" class=\"wp-image-225\" style=\"width:107px;height:80px\" srcset=\"https:\/\/www.re-loved-fashion.ch\/wp-content\/uploads\/2023\/10\/IMG_0688-1024x768.jpeg 1024w, https:\/\/www.re-loved-fashion.ch\/wp-content\/uploads\/2023\/10\/IMG_0688-300x225.jpeg 300w, https:\/\/www.re-loved-fashion.ch\/wp-content\/uploads\/2023\/10\/IMG_0688-140x105.jpeg 140w, https:\/\/www.re-loved-fashion.ch\/wp-content\/uploads\/2023\/10\/IMG_0688-768x576.jpeg 768w, https:\/\/www.re-loved-fashion.ch\/wp-content\/uploads\/2023\/10\/IMG_0688-1536x1152.jpeg 1536w, https:\/\/www.re-loved-fashion.ch\/wp-content\/uploads\/2023\/10\/IMG_0688-2048x1536.jpeg 2048w, https:\/\/www.re-loved-fashion.ch\/wp-content\/uploads\/2023\/10\/IMG_0688-1568x1176.jpeg 1568w\" sizes=\"auto, (max-width: 1024px) 100vw, 1024px\" \/><\/figure>\n<\/div>\n\n\n<p class=\"has-small-font-size\">Die Ausleihe der Etikettierpistolen betr\u00e4gt CHF 2.00 f\u00fcr zwei Tage (48 Std.)<\/p>\n\n\n\n<ul class=\"has-small-font-size wp-block-list\">\n<li>F\u00fcr Helfer\/ innen ist das Ausleihen gratis, ebenfalls f\u00fcr zwei Tage.<\/li>\n\n\n\n<li>Beim N\u00e4herr\u00fccken des B\u00f6rsen-Datums verk\u00fcrzen wir die Ausleihfrist f\u00fcr alle, auf einen Tag (24Std.)<\/li>\n<\/ul>\n\n\n\n<p class=\"has-text-align-center has-luminous-vivid-amber-to-luminous-vivid-orange-gradient-background has-background\">Wichtige Info !<\/p>\n\n\n\n<p class=\"has-small-font-size\">Bitte in die Etiketten kein Loch vorstanzen, sonst halten die Schussf\u00e4den nicht.<\/p>\n\n\n<div class=\"wp-block-image\">\n<figure class=\"aligncenter size-large is-resized\"><img loading=\"lazy\" decoding=\"async\" width=\"768\" height=\"1024\" src=\"https:\/\/re-loved-fashion.ch\/wp-content\/uploads\/2023\/10\/IMG_20200201_165708-768x1024.jpg\" alt=\"\" class=\"wp-image-363\" style=\"width:136px;height:181px\" srcset=\"https:\/\/www.re-loved-fashion.ch\/wp-content\/uploads\/2023\/10\/IMG_20200201_165708-768x1024.jpg 768w, https:\/\/www.re-loved-fashion.ch\/wp-content\/uploads\/2023\/10\/IMG_20200201_165708-225x300.jpg 225w, https:\/\/www.re-loved-fashion.ch\/wp-content\/uploads\/2023\/10\/IMG_20200201_165708-105x140.jpg 105w, https:\/\/www.re-loved-fashion.ch\/wp-content\/uploads\/2023\/10\/IMG_20200201_165708-1152x1536.jpg 1152w, https:\/\/www.re-loved-fashion.ch\/wp-content\/uploads\/2023\/10\/IMG_20200201_165708-1536x2048.jpg 1536w, https:\/\/www.re-loved-fashion.ch\/wp-content\/uploads\/2023\/10\/IMG_20200201_165708-1200x1600.jpg 1200w, https:\/\/www.re-loved-fashion.ch\/wp-content\/uploads\/2023\/10\/IMG_20200201_165708.jpg 1575w\" sizes=\"auto, (max-width: 768px) 100vw, 768px\" \/><\/figure>\n<\/div>\n\n\n<p class=\"has-text-align-center has-text-color has-small-font-size\" style=\"color:#ed1212\"><strong>FALSCH!<\/strong><\/p>\n\n\n<div class=\"wp-block-image\">\n<figure class=\"aligncenter size-large is-resized\"><img loading=\"lazy\" decoding=\"async\" width=\"768\" height=\"1024\" src=\"https:\/\/re-loved-fashion.ch\/wp-content\/uploads\/2023\/10\/IMG_0664-768x1024.jpg\" alt=\"\" class=\"wp-image-222\" style=\"width:138px;height:184px\" srcset=\"https:\/\/www.re-loved-fashion.ch\/wp-content\/uploads\/2023\/10\/IMG_0664-768x1024.jpg 768w, https:\/\/www.re-loved-fashion.ch\/wp-content\/uploads\/2023\/10\/IMG_0664-225x300.jpg 225w, https:\/\/www.re-loved-fashion.ch\/wp-content\/uploads\/2023\/10\/IMG_0664-105x140.jpg 105w, https:\/\/www.re-loved-fashion.ch\/wp-content\/uploads\/2023\/10\/IMG_0664-1152x1536.jpg 1152w, https:\/\/www.re-loved-fashion.ch\/wp-content\/uploads\/2023\/10\/IMG_0664-1536x2048.jpg 1536w, https:\/\/www.re-loved-fashion.ch\/wp-content\/uploads\/2023\/10\/IMG_0664-1568x2091.jpg 1568w, https:\/\/www.re-loved-fashion.ch\/wp-content\/uploads\/2023\/10\/IMG_0664.jpg 1575w\" sizes=\"auto, (max-width: 768px) 100vw, 768px\" \/><\/figure>\n<\/div>\n\n\n<p class=\"has-text-align-center has-text-color has-small-font-size\" style=\"color:#7ee607\"><strong>RICHTIG!<\/strong><\/p>\n\n\n\n<hr class=\"wp-block-separator has-alpha-channel-opacity\"\/>\n\n\n\n<p class=\"has-small-font-size\">Mit reissfestem Faden\/Schnur knoten. Nicht so wie bei einem Schuh binden. Sondern beide Schn\u00fcre zusammen nehmen und festknoten.<\/p>\n\n\n\n<p class=\"has-small-font-size\">Hier darf nat\u00fcrlich das Loch vorgestanzt werden.<\/p>\n\n\n\n<p class=\"has-small-font-size\">Beim Anbringen der Etiketten an den Kleidungsst\u00fccken, Schuhen, G\u00fcrteln, H\u00fcten, und Accessiores gilt immer: <mark>nicht binden<\/mark> nur <mark>festknoten  <\/mark>(beide Schn\u00fcre zusammen nehmen und knoten) mit reissfestem Faden\/Schnur. Zum Anbringen der Etiketten keine Stecknadeln, B\u00fcroklammern, Sicherheitsnadeln oder Klebestreifen verwenden.<\/p>\n\n\n\n<p class=\"has-luminous-vivid-amber-to-luminous-vivid-orange-gradient-background has-background has-small-font-size\">Mehrteilige Sets (Kleider ) zusammen verbinden an den Kleideretiketten oder in einem kl. S\u00e4cklein (Accessoires) unterbringen.<\/p>\n\n\n\n<p class=\"has-small-font-size\">Bei Unklarheiten und Fragen stehen wir gerne zur Verf\u00fcgung.<\/p>\n\n\n\n<p class=\"has-text-align-center\"><strong>Viel Spass beim Anschreiben.<\/strong><\/p>\n","protected":false},"excerpt":{"rendered":"<p>&#171;Von zweiter Hand getragen, meine Wahl&#187; ACHTUNG! ETIKETTEN RICHTIG BEFESTIGEN. Wenn die Etiketten auf dickes Druckerpapier (120-160 Gramm kein Bastel- oder Tonkartonpapier) ausgedruckt sind, m\u00fcssen die Etiketten mit einem reissfestem Faden oder Schnur befestigt werden. Oder mit einer Etikettierpistole! Die Ausleihe der Etikettierpistolen betr\u00e4gt CHF 2.00 f\u00fcr zwei Tage (48 Std.) Wichtige Info ! Bitte [&hellip;]<\/p>\n","protected":false},"author":1,"featured_media":0,"parent":43,"menu_order":0,"comment_status":"closed","ping_status":"closed","template":"","meta":{"footnotes":""},"class_list":["post-357","page","type-page","status-publish","hentry"],"aioseo_notices":[],"_links":{"self":[{"href":"https:\/\/www.re-loved-fashion.ch\/index.php?rest_route=\/wp\/v2\/pages\/357","targetHints":{"allow":["GET"]}}],"collection":[{"href":"https:\/\/www.re-loved-fashion.ch\/index.php?rest_route=\/wp\/v2\/pages"}],"about":[{"href":"https:\/\/www.re-loved-fashion.ch\/index.php?rest_route=\/wp\/v2\/types\/page"}],"author":[{"embeddable":true,"href":"https:\/\/www.re-loved-fashion.ch\/index.php?rest_route=\/wp\/v2\/users\/1"}],"replies":[{"embeddable":true,"href":"https:\/\/www.re-loved-fashion.ch\/index.php?rest_route=%2Fwp%2Fv2%2Fcomments&post=357"}],"version-history":[{"count":16,"href":"https:\/\/www.re-loved-fashion.ch\/index.php?rest_route=\/wp\/v2\/pages\/357\/revisions"}],"predecessor-version":[{"id":838,"href":"https:\/\/www.re-loved-fashion.ch\/index.php?rest_route=\/wp\/v2\/pages\/357\/revisions\/838"}],"up":[{"embeddable":true,"href":"https:\/\/www.re-loved-fashion.ch\/index.php?rest_route=\/wp\/v2\/pages\/43"}],"wp:attachment":[{"href":"https:\/\/www.re-loved-fashion.ch\/index.php?rest_route=%2Fwp%2Fv2%2Fmedia&parent=357"}],"curies":[{"name":"wp","href":"https:\/\/api.w.org\/{rel}","templated":true}]}}