{"id":26,"date":"2023-08-01T18:58:10","date_gmt":"2023-08-01T16:58:10","guid":{"rendered":"https:\/\/re-loved-fashion.ch\/?page_id=26"},"modified":"2026-02-11T20:56:32","modified_gmt":"2026-02-11T19:56:32","slug":"weitere-infos","status":"publish","type":"page","link":"https:\/\/www.re-loved-fashion.ch\/?page_id=26","title":{"rendered":"Allgemeine Infos"},"content":{"rendered":"\n<pre class=\"wp-block-preformatted has-background\" style=\"background-color:#5bb54c\">\"Wie Nachhaltig aussieht, zeigst du\"<\/pre>\n\n\n\n<p class=\"has-background\" style=\"background:linear-gradient(135deg,rgb(254,205,165) 0%,rgb(254,45,45) 94%,rgb(107,0,62) 100%);font-size:15px\"><strong>Artikela<\/strong><strong>bgabe<\/strong><\/p>\n\n\n\n<p class=\"has-small-font-size\">Abzugeben sind Artikel ab Gr\u00f6sse 170,  Schuhgr\u00f6sse ab 36<\/p>\n\n\n\n<p class=\"has-small-font-size\">Alles der Saison angepasst. Keine Gesundheitsschuhe, modern, sauber und ansprechend.<\/p>\n\n\n\n<p class=\"has-small-font-size\">Bitte daran denken es werden nur:                    <\/p>\n\n\n\n<ul class=\"wp-block-list\">\n<li class=\"has-small-font-size\">saubere<\/li>\n\n\n\n<li class=\"has-small-font-size\">tadellose<\/li>\n\n\n\n<li class=\"has-small-font-size\">wohlriechende Artikel<\/li>\n\n\n\n<li class=\"has-small-font-size\">Schuhe mit gutem Profil, sauber Innen wie Aussen und saubere Sohlen <\/li>\n<\/ul>\n\n\n\n<p class=\"has-small-font-size\">angenommen. Wer bei uns einkaufen kommt, m\u00f6chte tolle und ansprechende Artikel kaufen.<\/p>\n\n\n\n<p class=\"has-small-font-size\" style=\"text-decoration:underline\">Motto:&#187; Zum Verkaufen bringen, was man selbst auch kaufen w\u00fcrde.&#187;<\/p>\n\n\n\n<p class=\"has-small-font-size\" style=\"text-decoration:underline\"><strong>Anlieferung<\/strong><\/p>\n\n\n\n<p class=\"has-small-font-size\">Erfolgt in Ikea-S\u00e4cken oder Kisten. Bedingung: Die Kundennummer muss zwingend gross, gut sichtbar, leserlich und oder befestigt angebracht sein.<\/p>\n\n\n\n<p class=\"has-background\" style=\"background:linear-gradient(135deg,rgb(254,205,165) 0%,rgb(254,45,45) 74%,rgb(107,0,62) 100%);font-size:16px\"><strong>Anzahl der Artikel<\/strong><\/p>\n\n\n\n<p class=\"has-small-font-size\"><strong>Kleider:<\/strong> <mark style=\"background-color:rgba(0, 0, 0, 0);color:#ac2929\" class=\"has-inline-color\"><strong>20<\/strong> <\/mark> (keine Unterw\u00e4sche, Badekleider\/Hosen, Bikini und Socken, Str\u00fcmpfe etc.)<\/p>\n\n\n\n<p class=\"has-small-font-size\"><strong>Schuhe<\/strong>:     <strong><mark style=\"background-color:rgba(0, 0, 0, 0);color:#ac2929\" class=\"has-inline-color\">10 <\/mark><\/strong>  (keine Reit-, Fussball und Gesundheitsschuhe odere Finken jeglicher Art)<\/p>\n\n\n\n<p class=\"has-small-font-size\"><strong>Accessoires<\/strong>:<mark style=\"background-color:rgba(0, 0, 0, 0);color:#b63434\" class=\"has-inline-color\"><\/mark><mark style=\"background-color:rgba(0, 0, 0, 0);color:#ac3333\" class=\"has-inline-color\"><strong>10<\/strong> <\/mark> (Taschen, Rucks\u00e4cke, Modeschmuck, Sonnenbrillen und G\u00fcrtel, H\u00fcte)<\/p>\n\n\n\n<p class=\"has-small-font-size\">Es d\u00fcrfen, \u00dcbergangskleider (Saison: Fr\u00fchling \/Sommer &amp; Sommer\/Herbst) Brautkleider, Anz\u00fcge &amp; Umstandsmode abgegeben werden.<\/p>\n\n\n\n<p class=\"has-pale-ocean-gradient-background has-background\">Sind keine (oder nur wenige) Schuhe oder Accessoires vorhanden, darf die anzahl der Keidungst\u00fccke aufgef\u00fclt werden.  &#171;Zum Beispiel 3 Paar Schuhe, 5 Ohrring, nun d\u00fcrfen 32 Kleidungsst\u00fccke abgegeben werden.&#187;<\/p>\n\n\n\n<div class=\"wp-block-buttons is-layout-flex wp-block-buttons-is-layout-flex\">\n<div class=\"wp-block-button has-custom-width wp-block-button__width-75\"><a class=\"wp-block-button__link has-accent-background-color has-background wp-element-button\" href=\"https:\/\/re-loved-fashion.ch\/?page_id=41\" style=\"border-radius:100px;text-decoration:underline\">Bonus<\/a><\/div>\n<\/div>\n\n\n\n<ul style=\"font-size:17px\" class=\"wp-block-list\">\n<li>19% f\u00fcr Spenden<\/li>\n\n\n\n<li><mark style=\"background-color:rgba(0, 0, 0, 0)\" class=\"has-inline-color has-primary-color\">1% Geb\u00fchr f\u00fcr die Benutzung der Basarlino A<\/mark><mark style=\"background-color: rgba(0, 0, 0, 0)\" class=\"has-inline-color has-primary-color\">pp<\/mark><\/li>\n\n\n\n<li><mark style=\"background-color:rgba(0, 0, 0, 0)\" class=\"has-inline-color has-primary-color\"> CHF 2.00 Teilnahmegeb\u00fchr (Basarlino und Twintgeb\u00fchre<\/mark><mark style=\"background-color: rgba(0, 0, 0, 0)\" class=\"has-inline-color has-primary-color\">n)<\/mark><\/li>\n<\/ul>\n\n\n\n<p class=\"has-blush-bordeaux-gradient-background has-background\" style=\"font-size:18px\"><strong>Auszahlung \/ R\u00fcckgabe<\/strong> <\/p>\n\n\n\n<p class=\"has-small-font-size\">Auszahlung erfogt neu per Bank Angaben im Basarlino App.<\/p>\n\n\n\n<p class=\"has-small-font-size\">Am: Donnerstag 23. April 2026<\/p>\n\n\n\n<p class=\"has-small-font-size\">Zeit: 18:00- 18:45 Uhr<\/p>\n\n\n\n<p class=\"has-small-font-size\">Artikel mit verlorenen Etiketten werden bei der Auszahlung \/ R\u00fcckgabe auf einem separaten Tisch ausgelegt. Wir bitten darum, dar\u00fcber zu schauen nach eigenen Artikeln.<\/p>\n\n\n\n<p class=\"has-small-font-size\">Wir nehmen keine Spenden entgegen. Alles muss mit nach Hause genommen werden.<\/p>\n\n\n\n<p class=\"has-blush-light-purple-gradient-background has-background\" style=\"font-size:18px\"><strong>Bezahlung w\u00e4hrend der Veranstaltung<\/strong><\/p>\n\n\n\n<p class=\"has-small-font-size\">An der Bar wird ausschliesslich Bargeld akzeptiert. Der Alkoholausschank an unter 16-J\u00e4hrige ist nicht erlaubt. <\/p>\n\n\n\n<p class=\"has-small-font-size\">Der Kauf von Kleidern, Schuhen etc. darf bar oder via Twint bezahlt werden. Keine Kartenzahlung!<\/p>\n\n\n\n<p class=\"has-luminous-vivid-amber-to-luminous-vivid-orange-gradient-background has-background\" style=\"font-size:18px\"><strong>Haftung<\/strong><\/p>\n\n\n\n<p class=\"has-small-font-size\">F\u00fcr die an uns zum Verkauf ausgeh\u00e4ndigten Artikel, sowie f\u00fcr verlorene, gestohlene, nicht komplette oder defekte Gegenst\u00e4nde, lehnt die Re-Loved Fashion jegliche Haftung ausdr\u00fccklich ab.<\/p>\n\n\n\n<hr class=\"wp-block-separator has-alpha-channel-opacity\"\/>\n","protected":false},"excerpt":{"rendered":"<p>&#171;Wie Nachhaltig aussieht, zeigst du&#187; Artikelabgabe Abzugeben sind Artikel ab Gr\u00f6sse 170, Schuhgr\u00f6sse ab 36 Alles der Saison angepasst. Keine Gesundheitsschuhe, modern, sauber und ansprechend. Bitte daran denken es werden nur: angenommen. Wer bei uns einkaufen kommt, m\u00f6chte tolle und ansprechende Artikel kaufen. Motto:&#187; Zum Verkaufen bringen, was man selbst auch kaufen w\u00fcrde.&#187; Anlieferung Erfolgt [&hellip;]<\/p>\n","protected":false},"author":2,"featured_media":0,"parent":0,"menu_order":0,"comment_status":"closed","ping_status":"closed","template":"","meta":{"footnotes":""},"class_list":["post-26","page","type-page","status-publish","hentry"],"aioseo_notices":[],"_links":{"self":[{"href":"https:\/\/www.re-loved-fashion.ch\/index.php?rest_route=\/wp\/v2\/pages\/26","targetHints":{"allow":["GET"]}}],"collection":[{"href":"https:\/\/www.re-loved-fashion.ch\/index.php?rest_route=\/wp\/v2\/pages"}],"about":[{"href":"https:\/\/www.re-loved-fashion.ch\/index.php?rest_route=\/wp\/v2\/types\/page"}],"author":[{"embeddable":true,"href":"https:\/\/www.re-loved-fashion.ch\/index.php?rest_route=\/wp\/v2\/users\/2"}],"replies":[{"embeddable":true,"href":"https:\/\/www.re-loved-fashion.ch\/index.php?rest_route=%2Fwp%2Fv2%2Fcomments&post=26"}],"version-history":[{"count":80,"href":"https:\/\/www.re-loved-fashion.ch\/index.php?rest_route=\/wp\/v2\/pages\/26\/revisions"}],"predecessor-version":[{"id":1042,"href":"https:\/\/www.re-loved-fashion.ch\/index.php?rest_route=\/wp\/v2\/pages\/26\/revisions\/1042"}],"wp:attachment":[{"href":"https:\/\/www.re-loved-fashion.ch\/index.php?rest_route=%2Fwp%2Fv2%2Fmedia&parent=26"}],"curies":[{"name":"wp","href":"https:\/\/api.w.org\/{rel}","templated":true}]}}